{"id":2249,"date":"2025-03-04T16:52:11","date_gmt":"2025-03-04T15:52:11","guid":{"rendered":"https:\/\/designgebhardt.com\/?page_id=2249"},"modified":"2025-03-04T16:57:14","modified_gmt":"2025-03-04T15:57:14","slug":"datenschutz","status":"publish","type":"page","link":"https:\/\/designgebhardt.com\/?page_id=2249","title":{"rendered":"Datenschutz"},"content":{"rendered":"\t\t<div data-elementor-type=\"wp-page\" data-elementor-id=\"2249\" class=\"elementor elementor-2249\" data-elementor-post-type=\"page\">\n\t\t\t\t<div class=\"elementor-element elementor-element-c8955a3 e-flex e-con-boxed e-con e-parent\" data-id=\"c8955a3\" data-element_type=\"container\" data-e-type=\"container\">\n\t\t\t\t\t<div class=\"e-con-inner\">\n\t\t\t\t<div class=\"elementor-element elementor-element-67074ae elementor-widget elementor-widget-heading\" data-id=\"67074ae\" data-element_type=\"widget\" data-e-type=\"widget\" data-widget_type=\"heading.default\">\n\t\t\t\t<div class=\"elementor-widget-container\">\n\t\t\t\t\t<h2 class=\"elementor-heading-title elementor-size-default\">Datenschutzerkl\u00e4rung<\/h2>\t\t\t\t<\/div>\n\t\t\t\t<\/div>\n\t\t\t\t\t<\/div>\n\t\t\t\t<\/div>\n\t\t<div class=\"elementor-element elementor-element-1c33e5f e-flex e-con-boxed e-con e-parent\" data-id=\"1c33e5f\" data-element_type=\"container\" data-e-type=\"container\">\n\t\t\t\t\t<div class=\"e-con-inner\">\n\t\t\t\t<div class=\"elementor-element elementor-element-3865f94 elementor-widget__width-initial elementor-widget elementor-widget-text-editor\" data-id=\"3865f94\" data-element_type=\"widget\" data-e-type=\"widget\" data-widget_type=\"text-editor.default\">\n\t\t\t\t<div class=\"elementor-widget-container\">\n\t\t\t\t\t\t\t\t\t<p>1. Datenschutz auf einen Blick. Die folgenden Hinweise geben einen einfachen \u00dcberblick dar\u00fcber, was mit deinen personenbezogenen Daten passiert, wenn du meine Website besuchst. Personenbezogene Daten sind alle Daten, mit denen du pers\u00f6nlich identifiziert werden kannst.<\/p><p>2. Verantwortlicher f\u00fcr die Datenverarbeitung Hannes Gebhardt, Wandsbeker-Chaussee 113, 22089 HH E-Mail: info@designgebhardt.com<\/p><p>3. Erhebung und Speicherung personenbezogener Daten sowie Art und Zweck ihrer VerwendungBeim Aufrufen meiner Website werden durch den auf deinem Endger\u00e4t zum Einsatz kommenden Browser automatisch Informationen an den Server meiner Website gesendet. Diese Informationen werden tempor\u00e4r in einem sogenannten Logfile gespeichert. Folgende Informationen k\u00f6nnen erfasst werden:<\/p><p>IP-Adresse des anfragenden Rechners<\/p><p>Datum und Uhrzeit des Zugriffs<\/p><p>Name und URL der abgerufenen Datei<\/p><p>Website, von der aus der Zugriff erfolgt (Referrer-URL)<\/p><p>Verwendeter Browser und ggf. das Betriebssystem deines Rechners sowie der Name deines Access-Providers<\/p><p>Diese Daten werden zur Gew\u00e4hrleistung eines reibungslosen Verbindungsaufbaus der Website sowie zur Sicherstellung einer komfortablen Nutzung meiner Website verarbeitet.<\/p><p>4. Cookies und AnalysetoolsDiese Website verwendet ggf. Cookies, die auf deinem Endger\u00e4t gespeichert werden. Cookies sind kleine Textdateien, die auf deinem Endger\u00e4t gespeichert werden und bestimmte Informationen \u00fcber deine Nutzung der Website enthalten. Falls ich Tracking- oder Analyse-Tools verwende, werde ich in diesem Abschnitt angeben, welche Tools genutzt werden (z. B. Google Analytics) und wie du der Nutzung widersprechen kannst.<\/p><p>5. Rechte der betroffenen PersonDu hast das Recht:<\/p><p>gem\u00e4\u00df Art. 15 DSGVO Auskunft \u00fcber deine verarbeiteten personenbezogenen Daten zu verlangen,<\/p><p>gem\u00e4\u00df Art. 16 DSGVO die Berichtigung unrichtiger oder unvollst\u00e4ndiger Daten zu verlangen,<\/p><p>gem\u00e4\u00df Art. 17 DSGVO die L\u00f6schung deiner gespeicherten Daten zu verlangen, sofern nicht gesetzliche Aufbewahrungspflichten entgegenstehen,<\/p><p>gem\u00e4\u00df Art. 18 DSGVO die Einschr\u00e4nkung der Verarbeitung deiner Daten zu verlangen,<\/p><p>gem\u00e4\u00df Art. 20 DSGVO deine personenbezogenen Daten in einem strukturierten, g\u00e4ngigen und maschinenlesbaren Format zu erhalten oder deren \u00dcbermittlung an einen anderen Verantwortlichen zu verlangen,<\/p><p>gem\u00e4\u00df Art. 77 DSGVO dich bei einer Aufsichtsbeh\u00f6rde zu beschweren.<\/p><p>6. WiderspruchsrechtWenn deine personenbezogenen Daten auf Grundlage von berechtigten Interessen gem\u00e4\u00df Art. 6 Abs. 1 lit. f DSGVO verarbeitet werden, hast du das Recht, gem\u00e4\u00df Art. 21 DSGVO Widerspruch gegen die Verarbeitung einzulegen.<\/p><p>7. DatensicherheitIch verwende innerhalb des Website-Besuchs das verbreitete SSL-Verfahren (Secure Socket Layer), um deine Daten zu sch\u00fctzen.<\/p><p>8. Aktualit\u00e4t und \u00c4nderung dieser Datenschutzerkl\u00e4rungDiese Datenschutzerkl\u00e4rung ist aktuell g\u00fcltig und kann durch neue gesetzliche oder technische \u00c4nderungen angepasst werden. Die jeweils aktuelle Datenschutzerkl\u00e4rung kann jederzeit auf meiner Website abgerufen werden.Lorem ipsum dolor sit amet, consectetur adipiscing elit. Ut elit tellus, luctus nec ullamcorper mattis, pulvinar dapibus leo.<\/p>\t\t\t\t\t\t\t\t<\/div>\n\t\t\t\t<\/div>\n\t\t\t\t\t<\/div>\n\t\t\t\t<\/div>\n\t\t\t\t<\/div>\n\t\t","protected":false},"excerpt":{"rendered":"<p>Datenschutzerkl\u00e4rung 1. Datenschutz auf einen Blick. Die folgenden Hinweise geben einen einfachen \u00dcberblick dar\u00fcber, was mit deinen personenbezogenen Daten passiert, wenn du meine Website besuchst. Personenbezogene Daten sind alle Daten, mit denen du pers\u00f6nlich identifiziert werden kannst. 2. Verantwortlicher f\u00fcr die Datenverarbeitung Hannes Gebhardt, Wandsbeker-Chaussee 113, 22089 HH E-Mail: info@designgebhardt.com 3. Erhebung und Speicherung personenbezogener [&hellip;]<\/p>\n","protected":false},"author":1,"featured_media":0,"parent":0,"menu_order":0,"comment_status":"closed","ping_status":"closed","template":"","meta":{"footnotes":""},"class_list":["post-2249","page","type-page","status-publish","hentry"],"_links":{"self":[{"href":"https:\/\/designgebhardt.com\/index.php?rest_route=\/wp\/v2\/pages\/2249","targetHints":{"allow":["GET"]}}],"collection":[{"href":"https:\/\/designgebhardt.com\/index.php?rest_route=\/wp\/v2\/pages"}],"about":[{"href":"https:\/\/designgebhardt.com\/index.php?rest_route=\/wp\/v2\/types\/page"}],"author":[{"embeddable":true,"href":"https:\/\/designgebhardt.com\/index.php?rest_route=\/wp\/v2\/users\/1"}],"replies":[{"embeddable":true,"href":"https:\/\/designgebhardt.com\/index.php?rest_route=%2Fwp%2Fv2%2Fcomments&post=2249"}],"version-history":[{"count":7,"href":"https:\/\/designgebhardt.com\/index.php?rest_route=\/wp\/v2\/pages\/2249\/revisions"}],"predecessor-version":[{"id":2256,"href":"https:\/\/designgebhardt.com\/index.php?rest_route=\/wp\/v2\/pages\/2249\/revisions\/2256"}],"wp:attachment":[{"href":"https:\/\/designgebhardt.com\/index.php?rest_route=%2Fwp%2Fv2%2Fmedia&parent=2249"}],"curies":[{"name":"wp","href":"https:\/\/api.w.org\/{rel}","templated":true}]}}